{"id":129,"date":"2017-07-04T16:34:35","date_gmt":"2017-07-04T14:34:35","guid":{"rendered":"http:\/\/marche-fermier.com\/?page_id=129"},"modified":"2025-10-03T17:54:28","modified_gmt":"2025-10-03T15:54:28","slug":"snc-les-moulins","status":"publish","type":"page","link":"https:\/\/marche-fermier.com\/index.php\/snc-les-moulins\/","title":{"rendered":"S.N.C Les Moulins"},"content":{"rendered":"<div id=\"pl-129\"  class=\"panel-layout\" ><div id=\"pg-129-0\"  class=\"panel-grid panel-no-style\" ><div id=\"pgc-129-0-0\"  class=\"panel-grid-cell\" ><div id=\"panel-129-0-0-0\" class=\"so-panel widget widget_sow-editor panel-first-child panel-last-child\" data-index=\"0\" ><div class=\"panel-widget-style panel-widget-style-for-129-0-0-0\" ><div\n\t\t\t\n\t\t\tclass=\"so-widget-sow-editor so-widget-sow-editor-base\"\n\t\t\t\n\t\t>\n<div class=\"siteorigin-widget-tinymce textwidget\">\n\t<p><img loading=\"lazy\" decoding=\"async\" class=\"size-medium wp-image-1348 aligncenter\" src=\"http:\/\/marche-fermier.com\/wp-content\/uploads\/2017\/07\/Caillot-300x223.jpg\" alt=\"Truite poisson\" width=\"300\" height=\"223\" srcset=\"https:\/\/marche-fermier.com\/wp-content\/uploads\/2017\/07\/Caillot-300x223.jpg 300w, https:\/\/marche-fermier.com\/wp-content\/uploads\/2017\/07\/Caillot.jpg 500w\" sizes=\"(max-width: 300px) 100vw, 300px\" \/><\/p>\n<p style=\"text-align: center;\"><span style=\"font-size: 14pt;\">T\u00e9l. 02 41 89 06 28<\/span><\/p>\n<p style=\"text-align: center;\"><a href=\"http:\/\/www.moulinhubeau.fr\/\" target=\"_blank\" rel=\"noopener\"><span style=\"font-size: 14pt;\">http:\/\/www.moulinhubeau.fr\/<\/span><\/a><\/p>\n<\/div>\n<\/div><\/div><\/div><\/div><div id=\"pgc-129-0-1\"  class=\"panel-grid-cell\" ><div id=\"panel-129-0-1-0\" class=\"so-panel widget widget_sow-image panel-first-child panel-last-child\" data-index=\"1\" ><div class=\"panel-widget-style panel-widget-style-for-129-0-1-0\" ><div\n\t\t\t\n\t\t\tclass=\"so-widget-sow-image so-widget-sow-image-default-8b5b6f678277-129\"\n\t\t\t\n\t\t>\n\n<div class=\"sow-image-container\">\n\t\t<img loading=\"lazy\" decoding=\"async\" src=\"https:\/\/marche-fermier.com\/wp-content\/uploads\/2017\/08\/Caillot.png\" width=\"539\" height=\"425\" srcset=\"https:\/\/marche-fermier.com\/wp-content\/uploads\/2017\/08\/Caillot.png 539w, https:\/\/marche-fermier.com\/wp-content\/uploads\/2017\/08\/Caillot-300x237.png 300w\" sizes=\"(max-width: 539px) 100vw, 539px\" alt=\"Noyant\" \t\tclass=\"so-widget-image\"\/>\n\t<\/div>\n\n<\/div><\/div><\/div><\/div><\/div><div id=\"pg-129-1\"  class=\"panel-grid panel-no-style\" ><div id=\"pgc-129-1-0\"  class=\"panel-grid-cell panel-grid-cell-empty\" ><\/div><div id=\"pgc-129-1-1\"  class=\"panel-grid-cell panel-grid-cell-mobile-last\" ><div id=\"panel-129-1-1-0\" class=\"so-panel widget widget_sow-editor panel-first-child panel-last-child\" data-index=\"2\" ><div class=\"panel-widget-style panel-widget-style-for-129-1-1-0\" ><div\n\t\t\t\n\t\t\tclass=\"so-widget-sow-editor so-widget-sow-editor-base\"\n\t\t\t\n\t\t>\n<div class=\"siteorigin-widget-tinymce textwidget\">\n\t<p><span style=\"color: #993300; font-size: 18pt;\">La pisciculture du Moulin Hubeau est situ\u00e9e pr\u00e8s de Baug\u00e9-en-Anjou sur la rivi\u00e8re du Verdun qui prend sa source dans les bois avant d'arriver dans notre \u00e9levage. L\u00e0-bas, depuis 1995, nous proposons une activit\u00e9 agrotouristique de p\u00eache-loisir sur les 11 \u00e9tangs de notre site. Nos truites arc-en-ciel sont \u00e9lev\u00e9es dans le respect de l'animal en 17 mois minimum avec une faible densit\u00e9 en bassin afin d'obtenir une chair ferme et peu grasse. Les poissons sont abattus, transform\u00e9s et fum\u00e9s dans notre laboratoire au pied des bassins.<\/span><\/p>\n<\/div>\n<\/div><\/div><\/div><\/div><div id=\"pgc-129-1-2\"  class=\"panel-grid-cell panel-grid-cell-empty\" ><\/div><\/div><\/div>","protected":false},"excerpt":{"rendered":"<p>T\u00e9l. 02 41 89 06 28 http:\/\/www.moulinhubeau.fr\/ La pisciculture du Moulin Hubeau est situ\u00e9e pr\u00e8s de Baug\u00e9-en-Anjou sur la rivi\u00e8re du Verdun qui prend sa source dans les bois avant d&#8217;arriver dans notre \u00e9levage. L\u00e0-bas, depuis 1995, nous proposons une activit\u00e9 agrotouristique de p\u00eache-loisir sur les 11 \u00e9tangs de notre site. Nos truites arc-en-ciel sont \u00e9lev\u00e9es dans le respect de l&#8217;animal en 17 mois minimum avec une faible densit\u00e9 en bassin afin d&#8217;obtenir une chair ferme et peu grasse. Les poissons sont abattus, transform\u00e9s et fum\u00e9s dans notre laboratoire au pied des bassins.<\/p>\n","protected":false},"author":1,"featured_media":0,"parent":0,"menu_order":0,"comment_status":"closed","ping_status":"closed","template":"","meta":{"footnotes":""},"class_list":["post-129","page","type-page","status-publish","hentry"],"_links":{"self":[{"href":"https:\/\/marche-fermier.com\/index.php\/wp-json\/wp\/v2\/pages\/129"}],"collection":[{"href":"https:\/\/marche-fermier.com\/index.php\/wp-json\/wp\/v2\/pages"}],"about":[{"href":"https:\/\/marche-fermier.com\/index.php\/wp-json\/wp\/v2\/types\/page"}],"author":[{"embeddable":true,"href":"https:\/\/marche-fermier.com\/index.php\/wp-json\/wp\/v2\/users\/1"}],"replies":[{"embeddable":true,"href":"https:\/\/marche-fermier.com\/index.php\/wp-json\/wp\/v2\/comments?post=129"}],"version-history":[{"count":18,"href":"https:\/\/marche-fermier.com\/index.php\/wp-json\/wp\/v2\/pages\/129\/revisions"}],"predecessor-version":[{"id":4067,"href":"https:\/\/marche-fermier.com\/index.php\/wp-json\/wp\/v2\/pages\/129\/revisions\/4067"}],"wp:attachment":[{"href":"https:\/\/marche-fermier.com\/index.php\/wp-json\/wp\/v2\/media?parent=129"}],"curies":[{"name":"wp","href":"https:\/\/api.w.org\/{rel}","templated":true}]}}