{"id":3602,"date":"2023-02-15T09:58:34","date_gmt":"2023-02-15T08:58:34","guid":{"rendered":"https:\/\/marche-fermier.com\/?page_id=3602"},"modified":"2024-10-10T09:51:54","modified_gmt":"2024-10-10T07:51:54","slug":"bienvenue-au-marche","status":"publish","type":"page","link":"https:\/\/marche-fermier.com\/","title":{"rendered":"Bienvenue"},"content":{"rendered":"<figure><img decoding=\"async\" src=\"https:\/\/marche-fermier.com\/wp-content\/uploads\/2021\/04\/Tisanes.jpg\" alt=\"Tisanes\" \/><\/figure>\n<figure><img decoding=\"async\" src=\"https:\/\/marche-fermier.com\/wp-content\/uploads\/2021\/04\/Pommes.jpg\" alt=\"Pommes\" \/><\/figure>\n<figure><img decoding=\"async\" src=\"https:\/\/marche-fermier.com\/wp-content\/uploads\/2021\/04\/L\u00e9gumes-1.jpg\" alt=\"L\u00e9gumes\" \/><\/figure>\n<figure><img decoding=\"async\" src=\"https:\/\/marche-fermier.com\/wp-content\/uploads\/2018\/01\/Escargots.jpg\" alt=\"Escargots\" \/><\/figure>\n<figure><img decoding=\"async\" src=\"https:\/\/marche-fermier.com\/wp-content\/uploads\/2018\/01\/Volaille.jpg\" alt=\"Volaille\" \/><\/figure>\n<figure><img decoding=\"async\" src=\"https:\/\/marche-fermier.com\/wp-content\/uploads\/2021\/04\/Lait-l\u00e9gumes.jpg\" alt=\"Lait l\u00e9gumes\" \/><\/figure>\n<figure><img decoding=\"async\" src=\"https:\/\/marche-fermier.com\/wp-content\/uploads\/2021\/04\/Pain-vin-viande-1.jpg\" alt=\"Pain vin viande\" \/><\/figure>\n<figure><img decoding=\"async\" src=\"https:\/\/marche-fermier.com\/wp-content\/uploads\/2021\/04\/Lait-l\u00e9gumes-1.jpg\" alt=\"Lait l\u00e9gumes\" \/><\/figure>\n<p>Pr\u00e9c\u00e9dent<br \/>\nSuivant<\/p>\n<p style=\"text-align: center;\"><em><strong>Bienvenue au<\/strong> <strong>March\u00e9 Fermier<\/strong>,<\/em><\/p>\n<p style=\"text-align: center;\"><em><strong>Vente directe de produits locaux, frais et de saison.<\/strong><\/em><\/p>\n<p style=\"text-align: center;\">Point de vente collectif du &#8220;GIE Les Fermes Baugeoises&#8221; dans le Maine et Loire,<\/p>\n<p style=\"text-align: center;\">\u00e0 Saint Sylvain d&#8217;Anjou, en p\u00e9riph\u00e9rie d&#8217;Angers.<\/p>\n<h1><em><strong>Le March\u00e9 Fermier, un march\u00e9 de producteurs locaux.<\/strong><\/em><\/h1>\n<p style=\"text-align: justify;\">Les apparences sont parfois trompeuses. Il est vrai que notre devanture nous laisse croire que nous sommes un magasin, mais nous sommes bel et bien un <strong>march\u00e9 couvert<\/strong>.<\/p>\n<p style=\"text-align: justify;\">Le march\u00e9 est un lieu convivial o\u00f9 l&#8217;on vient \u00e0 la rencontre des producteurs (boucher, charcutier, boulanger, mara\u00eecher, fromager, apiculteur, fleuriste, p\u00eacheur, etc.). C&#8217;est un lieu d&#8217;\u00e9change et de partage. Et c&#8217;est surtout un voyage o\u00f9 l&#8217;on part \u00e0 la d\u00e9couverte gustative des produits du terroir.<\/p>\n<p style=\"text-align: justify;\">Nous sommes <strong>ouverts uniquement les vendredis et samedis <\/strong>(avec peu de r\u00e9approvisionnement entre les deux jours). Nous comprenons la frustration de certains clients de ne pas voir leurs produits pr\u00e9f\u00e9r\u00e9s en rayon le samedi, mais sachez que les producteurs font leur maximum afin de vous satisfaire. Cependant nous garantissons en priorit\u00e9 la qualit\u00e9 des produits que la quantit\u00e9.<\/p>\n<p style=\"text-align: justify;\">Derri\u00e8re chaque produit de notre march\u00e9, il y a un visage, un homme, une exploitation.<\/p>\n<p style=\"text-align: justify;\">Venir sur notre march\u00e9, c&#8217;est faire le choix d&#8217;une alimentation locale et raisonn\u00e9e.<\/p>\n<h2>HORAIRES DU MARCH\u00c9<\/h2>\n<p style=\"text-align: center;\">Le <strong>vendredi de 9h30 \u00e0 19h00<\/strong> et le <strong>s<\/strong><strong>amedi de 9h00 \u00e0 13h00<\/strong><\/p>\n<p style=\"text-align: center;\"><em>\u00a0<\/em><\/p>\n<p><img loading=\"lazy\" decoding=\"async\" src=\"https:\/\/marche-fermier.com\/wp-content\/uploads\/2023\/02\/Capture-768x323.png\" sizes=\"(max-width: 768px) 100vw, 768px\" srcset=\"https:\/\/marche-fermier.com\/wp-content\/uploads\/2023\/02\/Capture-768x323.png 768w, https:\/\/marche-fermier.com\/wp-content\/uploads\/2023\/02\/Capture-300x126.png 300w, https:\/\/marche-fermier.com\/wp-content\/uploads\/2023\/02\/Capture-1024x431.png 1024w, https:\/\/marche-fermier.com\/wp-content\/uploads\/2023\/02\/Capture.png 1074w\" alt=\"\" width=\"768\" height=\"323\" \/><\/p>\n","protected":false},"excerpt":{"rendered":"<p>Pr\u00e9c\u00e9dent Suivant Bienvenue au March\u00e9 Fermier, Vente directe de produits locaux, frais et de saison. Point de vente collectif du &#8220;GIE Les Fermes Baugeoises&#8221; dans le Maine et Loire, \u00e0 Saint Sylvain d&#8217;Anjou, en p\u00e9riph\u00e9rie d&#8217;Angers. Le March\u00e9 Fermier, un march\u00e9 de producteurs locaux. Les apparences sont parfois trompeuses. Il est vrai que notre devanture nous laisse croire que nous sommes un magasin, mais nous sommes bel et bien un march\u00e9 couvert. Le march\u00e9 est un lieu convivial o\u00f9 l&#8217;on vient \u00e0 la rencontre des producteurs (boucher, charcutier, boulanger, mara\u00eecher, fromager, apiculteur, fleuriste, p\u00eacheur, etc.). C&#8217;est un lieu d&#8217;\u00e9change et de partage. Et c&#8217;est surtout un voyage o\u00f9 l&#8217;on part \u00e0 la d\u00e9couverte gustative des produits du terroir. Nous sommes ouverts uniquement les vendredis et samedis (avec peu de r\u00e9approvisionnement entre les deux jours). Nous comprenons la frustration de certains clients de ne pas voir leurs produits pr\u00e9f\u00e9r\u00e9s en rayon le samedi, mais sachez que les producteurs font leur maximum afin de vous satisfaire. Cependant nous garantissons en priorit\u00e9 la qualit\u00e9 des produits que la quantit\u00e9. Derri\u00e8re chaque produit de notre march\u00e9, il y a un visage, un homme, une exploitation. Venir sur notre march\u00e9, c&#8217;est faire le choix d&#8217;une alimentation locale et raisonn\u00e9e. HORAIRES DU MARCH\u00c9 Le vendredi de 9h30 \u00e0 19h00 et le samedi de 9h00 \u00e0 13h00 \u00a0<\/p>\n","protected":false},"author":1,"featured_media":0,"parent":0,"menu_order":0,"comment_status":"closed","ping_status":"closed","template":"","meta":{"footnotes":""},"class_list":["post-3602","page","type-page","status-publish","hentry"],"_links":{"self":[{"href":"https:\/\/marche-fermier.com\/index.php\/wp-json\/wp\/v2\/pages\/3602"}],"collection":[{"href":"https:\/\/marche-fermier.com\/index.php\/wp-json\/wp\/v2\/pages"}],"about":[{"href":"https:\/\/marche-fermier.com\/index.php\/wp-json\/wp\/v2\/types\/page"}],"author":[{"embeddable":true,"href":"https:\/\/marche-fermier.com\/index.php\/wp-json\/wp\/v2\/users\/1"}],"replies":[{"embeddable":true,"href":"https:\/\/marche-fermier.com\/index.php\/wp-json\/wp\/v2\/comments?post=3602"}],"version-history":[{"count":53,"href":"https:\/\/marche-fermier.com\/index.php\/wp-json\/wp\/v2\/pages\/3602\/revisions"}],"predecessor-version":[{"id":3998,"href":"https:\/\/marche-fermier.com\/index.php\/wp-json\/wp\/v2\/pages\/3602\/revisions\/3998"}],"wp:attachment":[{"href":"https:\/\/marche-fermier.com\/index.php\/wp-json\/wp\/v2\/media?parent=3602"}],"curies":[{"name":"wp","href":"https:\/\/api.w.org\/{rel}","templated":true}]}}